{"id":1766,"date":"2025-01-21T09:12:20","date_gmt":"2025-01-21T08:12:20","guid":{"rendered":"https:\/\/dev.b2b.studio\/abrasteel\/?post_type=product&#038;p=1766"},"modified":"2025-02-20T09:54:16","modified_gmt":"2025-02-20T08:54:16","slug":"brosse-ventilee-en-tissu-non-tisse-de-corindon-et-avec-pinceau","status":"publish","type":"product","link":"https:\/\/www.abrasteel.com\/fr\/brosses-abrasives\/pinceaux-pour-machine-satinee\/brosse-ventilee-en-tissu-non-tisse-de-corindon-et-avec-pinceau\/","title":{"rendered":"Brosse ventil\u00e9e en tissu non tiss\u00e9 de corindon et avec pinceau"},"content":{"rendered":"<p>Brosse ventil\u00e9e en tissu non tiss\u00e9 de corindon et avec pinceau: Brosse ventil\u00e9e en non tiss\u00e9, grain d&rsquo;oxyde d&rsquo;aluminium avec clip m\u00e9tallique. Pour un satinage uniforme des pi\u00e8ces plus larges que la brosse.<\/p>\n","protected":false},"excerpt":{"rendered":"<p><strong>Tailles de brosse ventil\u00e9e en tissu non tiss\u00e9 de corindon et avec pinceau<\/strong><\/p>\n<table>\n<tbody>\n<tr>\n<th>Tailles<\/th>\n<th>A\/C<\/th>\n<th>A\/M<\/th>\n<th>A\/F<\/th>\n<th>A\/VF<\/th>\n<th>Bo\u00eete<\/th>\n<\/tr>\n<tr>\n<td>250 x 80<\/td>\n<td>VCO001<\/td>\n<td>VCO002<\/td>\n<td>VCO003<\/td>\n<td>VCO004<\/td>\n<td>10<\/td>\n<\/tr>\n<tr>\n<td>300 x 80<\/td>\n<td>VCO005<\/td>\n<td>VCO006<\/td>\n<td>VCO007<\/td>\n<td>VCO008<\/td>\n<td>10<\/td>\n<\/tr>\n<tr>\n<td>350 x 130<\/td>\n<td>VCO009<\/td>\n<td>VCO010<\/td>\n<td>VCO011<\/td>\n<td>VCO012<\/td>\n<td>10<\/td>\n<\/tr>\n<tr>\n<td>400 x 130<\/td>\n<td>VCO013<\/td>\n<td>VCO014<\/td>\n<td>VCO015<\/td>\n<td>VCO016<\/td>\n<td>10<\/td>\n<\/tr>\n<\/tbody>\n<\/table>\n","protected":false},"featured_media":1022,"comment_status":"open","ping_status":"closed","template":"","meta":{"_acf_changed":false},"product_brand":[],"product_cat":[99,102],"product_tag":[],"class_list":{"0":"post-1766","1":"product","2":"type-product","3":"status-publish","4":"has-post-thumbnail","6":"product_cat-pinceaux-pour-machine-satinee","7":"product_cat-brosses-ventilees","9":"first","10":"instock","11":"shipping-taxable","12":"product-type-simple"},"acf":[],"_links":{"self":[{"href":"https:\/\/www.abrasteel.com\/fr\/wp-json\/wp\/v2\/product\/1766","targetHints":{"allow":["GET"]}}],"collection":[{"href":"https:\/\/www.abrasteel.com\/fr\/wp-json\/wp\/v2\/product"}],"about":[{"href":"https:\/\/www.abrasteel.com\/fr\/wp-json\/wp\/v2\/types\/product"}],"replies":[{"embeddable":true,"href":"https:\/\/www.abrasteel.com\/fr\/wp-json\/wp\/v2\/comments?post=1766"}],"wp:featuredmedia":[{"embeddable":true,"href":"https:\/\/www.abrasteel.com\/fr\/wp-json\/wp\/v2\/media\/1022"}],"wp:attachment":[{"href":"https:\/\/www.abrasteel.com\/fr\/wp-json\/wp\/v2\/media?parent=1766"}],"wp:term":[{"taxonomy":"product_brand","embeddable":true,"href":"https:\/\/www.abrasteel.com\/fr\/wp-json\/wp\/v2\/product_brand?post=1766"},{"taxonomy":"product_cat","embeddable":true,"href":"https:\/\/www.abrasteel.com\/fr\/wp-json\/wp\/v2\/product_cat?post=1766"},{"taxonomy":"product_tag","embeddable":true,"href":"https:\/\/www.abrasteel.com\/fr\/wp-json\/wp\/v2\/product_tag?post=1766"}],"curies":[{"name":"wp","href":"https:\/\/api.w.org\/{rel}","templated":true}]}}