{"id":1764,"date":"2025-01-21T09:12:20","date_gmt":"2025-01-21T08:12:20","guid":{"rendered":"https:\/\/dev.b2b.studio\/abrasteel\/?post_type=product&#038;p=1764"},"modified":"2025-02-20T09:48:46","modified_gmt":"2025-02-20T08:48:46","slug":"brosse-ventilee-en-tissu-non-tisse-de-corindon-et-avec-noyau","status":"publish","type":"product","link":"https:\/\/www.abrasteel.com\/fr\/brosses-abrasives\/brosses-avec-noyau\/brosse-ventilee-en-tissu-non-tisse-de-corindon-et-avec-noyau\/","title":{"rendered":"Brosse ventil\u00e9e en tissu non tiss\u00e9 de corindon et avec noyau"},"content":{"rendered":"<p>Brosse ventil\u00e9e en tissu non tiss\u00e9 de corindon et avec noyau: Brosse ventil\u00e9e pour machine portable. Pour la finition satin\u00e9e de pi\u00e8ces plus grandes que la largeur de la brosse.<\/p>\n","protected":false},"excerpt":{"rendered":"<p><strong>Tailles de brosse ventil\u00e9e en tissu non tiss\u00e9 de corindon et avec noyau<\/strong><\/p>\n<table>\n<tbody>\n<tr>\n<th>Tailles<\/th>\n<th>A\/C<\/th>\n<th>A\/M<\/th>\n<th>A\/F<\/th>\n<th>A\/VF<\/th>\n<th>S\/M<\/th>\n<th>S\/F<\/th>\n<th>S\/VF<\/th>\n<th>Bo\u00eete<\/th>\n<\/tr>\n<tr>\n<td>150x50x25\/30<\/td>\n<td>CVS001<\/td>\n<td>CVS002<\/td>\n<td>CVS003<\/td>\n<td>CVS004<\/td>\n<td>CVS005<\/td>\n<td>CVS006<\/td>\n<td>CVS007<\/td>\n<td>5<\/td>\n<\/tr>\n<\/tbody>\n<\/table>\n","protected":false},"featured_media":1034,"comment_status":"open","ping_status":"closed","template":"","meta":{"_acf_changed":false},"product_brand":[],"product_cat":[101,102],"product_tag":[],"class_list":{"0":"post-1764","1":"product","2":"type-product","3":"status-publish","4":"has-post-thumbnail","6":"product_cat-brosses-avec-noyau","7":"product_cat-brosses-ventilees","9":"first","10":"instock","11":"shipping-taxable","12":"product-type-simple"},"acf":[],"_links":{"self":[{"href":"https:\/\/www.abrasteel.com\/fr\/wp-json\/wp\/v2\/product\/1764","targetHints":{"allow":["GET"]}}],"collection":[{"href":"https:\/\/www.abrasteel.com\/fr\/wp-json\/wp\/v2\/product"}],"about":[{"href":"https:\/\/www.abrasteel.com\/fr\/wp-json\/wp\/v2\/types\/product"}],"replies":[{"embeddable":true,"href":"https:\/\/www.abrasteel.com\/fr\/wp-json\/wp\/v2\/comments?post=1764"}],"wp:featuredmedia":[{"embeddable":true,"href":"https:\/\/www.abrasteel.com\/fr\/wp-json\/wp\/v2\/media\/1034"}],"wp:attachment":[{"href":"https:\/\/www.abrasteel.com\/fr\/wp-json\/wp\/v2\/media?parent=1764"}],"wp:term":[{"taxonomy":"product_brand","embeddable":true,"href":"https:\/\/www.abrasteel.com\/fr\/wp-json\/wp\/v2\/product_brand?post=1764"},{"taxonomy":"product_cat","embeddable":true,"href":"https:\/\/www.abrasteel.com\/fr\/wp-json\/wp\/v2\/product_cat?post=1764"},{"taxonomy":"product_tag","embeddable":true,"href":"https:\/\/www.abrasteel.com\/fr\/wp-json\/wp\/v2\/product_tag?post=1764"}],"curies":[{"name":"wp","href":"https:\/\/api.w.org\/{rel}","templated":true}]}}