{"id":1754,"date":"2025-01-21T09:13:05","date_gmt":"2025-01-21T08:13:05","guid":{"rendered":"https:\/\/dev.b2b.studio\/abrasteel\/?post_type=product&#038;p=1754"},"modified":"2025-01-21T09:18:05","modified_gmt":"2025-01-21T08:18:05","slug":"brosse-en-fibre-comprimee-avec-clavette","status":"publish","type":"product","link":"https:\/\/www.abrasteel.com\/fr\/brosses-abrasives\/pinceaux-pour-machine-satinee\/brosse-en-fibre-comprimee-avec-clavette\/","title":{"rendered":"Brosse en fibre comprim\u00e9e avec clavette"},"content":{"rendered":"<p>Brosse en fibre comprim\u00e9e avec clavette: Pour le raffinement de la surface dans les processus de pr\u00e9-polissage.<\/p>\n","protected":false},"excerpt":{"rendered":"<p>Brosse en fibre comprim\u00e9e avec clavette: Pour le raffinement de la surface dans les processus de pr\u00e9-polissage.<\/p>\n","protected":false},"featured_media":1407,"comment_status":"open","ping_status":"closed","template":"","meta":{"_acf_changed":false},"product_brand":[],"product_cat":[99],"product_tag":[],"class_list":{"0":"post-1754","1":"product","2":"type-product","3":"status-publish","4":"has-post-thumbnail","6":"product_cat-pinceaux-pour-machine-satinee","8":"first","9":"instock","10":"shipping-taxable","11":"product-type-simple"},"acf":[],"_links":{"self":[{"href":"https:\/\/www.abrasteel.com\/fr\/wp-json\/wp\/v2\/product\/1754","targetHints":{"allow":["GET"]}}],"collection":[{"href":"https:\/\/www.abrasteel.com\/fr\/wp-json\/wp\/v2\/product"}],"about":[{"href":"https:\/\/www.abrasteel.com\/fr\/wp-json\/wp\/v2\/types\/product"}],"replies":[{"embeddable":true,"href":"https:\/\/www.abrasteel.com\/fr\/wp-json\/wp\/v2\/comments?post=1754"}],"wp:featuredmedia":[{"embeddable":true,"href":"https:\/\/www.abrasteel.com\/fr\/wp-json\/wp\/v2\/media\/1407"}],"wp:attachment":[{"href":"https:\/\/www.abrasteel.com\/fr\/wp-json\/wp\/v2\/media?parent=1754"}],"wp:term":[{"taxonomy":"product_brand","embeddable":true,"href":"https:\/\/www.abrasteel.com\/fr\/wp-json\/wp\/v2\/product_brand?post=1754"},{"taxonomy":"product_cat","embeddable":true,"href":"https:\/\/www.abrasteel.com\/fr\/wp-json\/wp\/v2\/product_cat?post=1754"},{"taxonomy":"product_tag","embeddable":true,"href":"https:\/\/www.abrasteel.com\/fr\/wp-json\/wp\/v2\/product_tag?post=1754"}],"curies":[{"name":"wp","href":"https:\/\/api.w.org\/{rel}","templated":true}]}}