{"id":2170,"date":"2025-01-15T09:17:15","date_gmt":"2025-01-15T08:17:15","guid":{"rendered":"https:\/\/dev.b2b.studio\/abrasteel\/?page_id=2170"},"modified":"2025-01-24T12:39:05","modified_gmt":"2025-01-24T11:39:05","slug":"declaration-daccessibilite","status":"publish","type":"page","link":"https:\/\/www.abrasteel.com\/fr\/declaration-daccessibilite\/","title":{"rendered":"D\u00e9claration d&rsquo;accessibilit\u00e9"},"content":{"rendered":"<p>Abrasteel S.L s\u2019est engag\u00e9 \u00e0 rendre ses sites web accessibles conform\u00e9ment au d\u00e9cret royal 1112\/2018 du 7 septembre, relatif \u00e0 l\u2019accessibilit\u00e9 des sites web et des applications pour dispositifs mobiles du secteur public (ci-apr\u00e8s, d\u00e9cret royal 1112\/2018 du 7 septembre).<\/p>\n<p>La pr\u00e9sente d\u00e9claration d\u2019accessibilit\u00e9 s\u2019applique au site web https:\/\/www.abrasteel.com\/<\/p>\n<h2>SITUATION DE CONFORMIT\u00c9<\/h2>\n<p>Ce site web est <strong>partiellement conforme<\/strong> au d\u00e9cret royal 1112\/2018 du 7 septembre en raison du non-respect des aspects indiqu\u00e9s ci-dessous.<\/p>\n<h2>CONTENU NON ACCESSIBLE<\/h2>\n<p>Le contenu repris ci-dessous n\u2019est pas accessible pour les raisons suivantes :<\/p>\n<ol>\n<li><strong>Non-conformit\u00e9 avec le d\u00e9cret royal 1112\/2018 du 7 septembre<\/strong> : il pourrait exister des erreurs ponctuelles d\u2019\u00e9dition sur certaines pages web, tant dans les contenus HTML que dans les documents finaux, publi\u00e9s apr\u00e8s le 20 septembre 2018 (date d\u2019entr\u00e9e en vigueur du d\u00e9cret royal 1112\/2018 du 7 septembre).<\/li>\n<li><strong>Charge disproportionn\u00e9e<\/strong> : non applicable.<\/li>\n<\/ol>\n<h2>PR\u00c9PARATION DE LA PR\u00c9SENTE D\u00c9CLARATION D\u2019ACCESSIBILIT\u00c9<\/h2>\n<p>La pr\u00e9sente d\u00e9claration a \u00e9t\u00e9 pr\u00e9par\u00e9e le 3 f\u00e9vrier 2023.<\/p>\n<p>La m\u00e9thode utilis\u00e9e pour pr\u00e9parer la d\u00e9claration a \u00e9t\u00e9 une auto\u00e9valuation r\u00e9alis\u00e9e par l\u2019organisme lui-m\u00eame.<\/p>\n<h2>OBSERVATIONS ET DONN\u00c9ES DE CONTACT<\/h2>\n<p>Vous pouvez effectuer des communications concernant les exigences d\u2019accessibilit\u00e9 (article 10.2.a) du d\u00e9cret royal 1112\/2018 du 7 septembre), telles que :<\/p>\n<ul>\n<li>Signaler tout \u00e9ventuel manquement de ce site web.<\/li>\n<li>Transmettre d\u2019autres difficult\u00e9s d\u2019acc\u00e8s au contenu.<\/li>\n<li>Formuler toute autre question ou suggestion d\u2019am\u00e9lioration relative \u00e0 l\u2019accessibilit\u00e9 du site web.<\/li>\n<\/ul>\n<p>Par les moyens suivants :<\/p>\n<ul>\n<li>Courrier \u00e9lectronique : <a href=\"mailto:info@abrasteel.com\">info@abrasteel.com<\/a><\/li>\n<li>T\u00e9l\u00e9phone : +34 93 835 50 20<\/li>\n<\/ul>\n<h2>PROC\u00c9DURE D\u2019APPLICATION<\/h2>\n<p>Gr\u00e2ce \u00e0 cette proc\u00e9dure, vous pourrez d\u00e9poser une r\u00e9clamation pour conna\u00eetre et contester les raisons du rejet d\u2019une demande d\u2019information accessible ou d\u2019une plainte, inciter \u00e0 adopter les mesures appropri\u00e9es en cas de d\u00e9saccord avec la d\u00e9cision prise, ou exposer les raisons pour lesquelles la r\u00e9ponse ne respecte pas les exigences requises.<\/p>\n<h2>CONTENU OPTIONNEL<\/h2>\n<p>La version actuellement visible de ce site web date de f\u00e9vrier 2023, et c\u2019est \u00e0 cette date qu\u2019a \u00e9t\u00e9 r\u00e9alis\u00e9e la r\u00e9vision du niveau d\u2019accessibilit\u00e9 en vigueur \u00e0 ce moment-l\u00e0.<\/p>\n<p>Parmi d\u2019autres, les mesures suivantes sont adopt\u00e9es pour faciliter l\u2019accessibilit\u00e9 :<\/p>\n<ul>\n<li>Utilisation de texte alternatif pour les images<\/li>\n<li>Les liens offrent des d\u00e9tails sur la fonction ou la destination de l\u2019hyperlien<\/li>\n<li>Utilisation des normes W3C : XHTML 1.0, CSS 3.0, WAI AA.<\/li>\n<\/ul>\n<p>Vous pouvez consulter sur la page <a title=\"Acc\u00e8s aux mentions l\u00e9gales\" href=\"https:\/\/www.abrasteel.com\/fr\/avis-legal\/\" rel=\"noopener\">Mentions l\u00e9gales<\/a> pour quels navigateurs et versions ce site web est optimis\u00e9.<\/p>\n","protected":false},"excerpt":{"rendered":"<p>Abrasteel S.L s\u2019est engag\u00e9 \u00e0 rendre ses sites web accessibles conform\u00e9ment au d\u00e9cret royal 1112\/2018 du 7 septembre, relatif \u00e0 l\u2019accessibilit\u00e9 des sites web et des applications pour dispositifs mobiles du secteur public (ci-apr\u00e8s, d\u00e9cret royal 1112\/2018 du 7 septembre). La pr\u00e9sente d\u00e9claration d\u2019accessibilit\u00e9 s\u2019applique au site web https:\/\/www.abrasteel.com\/ SITUATION DE CONFORMIT\u00c9 Ce site web<a href=\"https:\/\/www.abrasteel.com\/fr\/declaration-daccessibilite\/\">Continue reading <span class=\"sr-only\">\u00ab\u00a0D\u00e9claration d&rsquo;accessibilit\u00e9\u00a0\u00bb<\/span><\/a><\/p>\n","protected":false},"author":1,"featured_media":0,"parent":0,"menu_order":0,"comment_status":"closed","ping_status":"closed","template":"","meta":{"_acf_changed":false,"footnotes":""},"class_list":["post-2170","page","type-page","status-publish","hentry"],"acf":[],"_links":{"self":[{"href":"https:\/\/www.abrasteel.com\/fr\/wp-json\/wp\/v2\/pages\/2170","targetHints":{"allow":["GET"]}}],"collection":[{"href":"https:\/\/www.abrasteel.com\/fr\/wp-json\/wp\/v2\/pages"}],"about":[{"href":"https:\/\/www.abrasteel.com\/fr\/wp-json\/wp\/v2\/types\/page"}],"author":[{"embeddable":true,"href":"https:\/\/www.abrasteel.com\/fr\/wp-json\/wp\/v2\/users\/1"}],"replies":[{"embeddable":true,"href":"https:\/\/www.abrasteel.com\/fr\/wp-json\/wp\/v2\/comments?post=2170"}],"version-history":[{"count":5,"href":"https:\/\/www.abrasteel.com\/fr\/wp-json\/wp\/v2\/pages\/2170\/revisions"}],"predecessor-version":[{"id":2292,"href":"https:\/\/www.abrasteel.com\/fr\/wp-json\/wp\/v2\/pages\/2170\/revisions\/2292"}],"wp:attachment":[{"href":"https:\/\/www.abrasteel.com\/fr\/wp-json\/wp\/v2\/media?parent=2170"}],"curies":[{"name":"wp","href":"https:\/\/api.w.org\/{rel}","templated":true}]}}