{"id":2165,"date":"2025-01-15T09:16:59","date_gmt":"2025-01-15T08:16:59","guid":{"rendered":"https:\/\/dev.b2b.studio\/abrasteel\/?page_id=2165"},"modified":"2025-01-23T10:59:04","modified_gmt":"2025-01-23T09:59:04","slug":"avis-legal","status":"publish","type":"page","link":"https:\/\/www.abrasteel.com\/fr\/avis-legal\/","title":{"rendered":"Avis l\u00e9gal"},"content":{"rendered":"<p>AVIS L\u00c9GAL<\/p>\n<p><i>En conformit\u00e9 avec la Loi 34\/2002, du 11 juillet, relative aux Services de la Soci\u00e9t\u00e9 de l&rsquo;Information et au Commerce \u00c9lectronique (LSSI-CE), l&rsquo;entreprise informe qu&rsquo;elle est propri\u00e9taire du site web. Conform\u00e9ment \u00e0 l&rsquo;exigence de l&rsquo;article 10 de ladite Loi, elle informe des donn\u00e9es suivantes :\u00a0<\/i><\/p>\n<p><i>Le titulaire de ce site web est :\u00a0<\/i><\/p>\n<table>\n<tbody>\n<tr>\n<td>Nom de l&rsquo;entreprise<\/td>\n<td>ABRASTEEL, SL<\/td>\n<\/tr>\n<tr>\n<td>B63242986<\/td>\n<td>B63242986<\/td>\n<\/tr>\n<tr>\n<td>Adresse<\/td>\n<td>C\/ MARCONI, N\u00ba 5. POL. IND. SALE<\/td>\n<\/tr>\n<tr>\n<td>Code Postal<\/td>\n<td>08253<\/td>\n<\/tr>\n<tr>\n<td>Localit\u00e9<\/td>\n<td>S. SALVADOR DE GUARDIOLA<\/td>\n<\/tr>\n<tr>\n<td>Province<\/td>\n<td>BARCELONE<\/td>\n<\/tr>\n<tr>\n<td>Enregistrement au registre du commerce<\/td>\n<td><\/td>\n<\/tr>\n<\/tbody>\n<\/table>\n<p><b><i>UTILISATEURS<\/i><\/b><\/p>\n<p><i>L&rsquo;acc\u00e8s et\/ou l&rsquo;utilisation de ce portail vous attribue la condition d&rsquo;UTILISATEUR, qui accepte, d\u00e8s cet acc\u00e8s et\/ou cette utilisation, les Conditions G\u00e9n\u00e9rales d&rsquo;Utilisation ici refl\u00e9t\u00e9es. Lesdites Conditions s&rsquo;appliqueront ind\u00e9pendamment des Conditions G\u00e9n\u00e9rales de Contrat qui pourraient \u00eatre d&rsquo;application obligatoire.<\/i><\/p>\n<p><b><i>UTILISATION DU PORTAIL<\/i><\/b><\/p>\n<p><i>Le site web permet l&rsquo;acc\u00e8s \u00e0 une multitude d&rsquo;informations, services, programmes ou donn\u00e9es (ci-apr\u00e8s, \u00ab les contenus \u00bb) sur Internet appartenant \u00e0 ABRASTEEL, SL ou \u00e0 ses licenci\u00e9s auxquels l&rsquo;UTILISATEUR peut avoir acc\u00e8s. L&rsquo;UTILISATEUR assume la responsabilit\u00e9 de l&rsquo;utilisation du portail. Cette responsabilit\u00e9 s&rsquo;\u00e9tend \u00e0 l&rsquo;enregistrement n\u00e9cessaire pour acc\u00e9der \u00e0 certains services ou contenus.<\/i><\/p>\n<p><i>Lors de cet enregistrement, l&rsquo;UTILISATEUR sera responsable de fournir des informations v\u00e9ridiques et l\u00e9gales. En cons\u00e9quence de cet enregistrement, l&rsquo;UTILISATEUR peut se voir attribuer un mot de passe dont il sera responsable, s&rsquo;engageant \u00e0 en faire un usage diligent et confidentiel. L&rsquo;UTILISATEUR s&rsquo;engage \u00e0 faire un usage appropri\u00e9 des contenus et services qu&rsquo;ABRASTEEL, SL offre \u00e0 travers son portail, et \u00e0 titre d&rsquo;exemple, mais sans limitation, \u00e0 ne pas les utiliser pour :\u00a0<\/i><\/p>\n<ul>\n<li aria-level=\"1\"><i>se livrer \u00e0 des activit\u00e9s ill\u00e9gales ou contraires \u00e0 la bonne foi et \u00e0 l&rsquo;ordre public<\/i><\/li>\n<\/ul>\n<ul>\n<li aria-level=\"1\"><i>diffuser des contenus ou de la propagande \u00e0 caract\u00e8re raciste, x\u00e9nophobe, pornographique-illicite, d&rsquo;apologie du terrorisme ou attentatoire aux droits humains<\/i><\/li>\n<\/ul>\n<ul>\n<li aria-level=\"1\"><i>causer des dommages aux syst\u00e8mes physiques et logiques d&rsquo;ABRASTEEL, SL, de ses fournisseurs ou de tiers, introduire ou diffuser sur le r\u00e9seau des virus informatiques ou tout autre syst\u00e8me physique ou logique susceptible de provoquer les dommages susmentionn\u00e9s<\/i><\/li>\n<\/ul>\n<ul>\n<li aria-level=\"1\"><i>tenter d&rsquo;acc\u00e9der, et le cas \u00e9ch\u00e9ant, utiliser les comptes e-mail d&rsquo;autres utilisateurs et modifier ou manipuler leurs messages. ABRASTEEL, SL se r\u00e9serve le droit de retirer tous les commentaires et contributions qui portent atteinte au respect de la dignit\u00e9 des personnes, qui sont discriminatoires, x\u00e9nophobes, racistes, pornographiques, qui portent atteinte \u00e0 la jeunesse ou \u00e0 l&rsquo;enfance, \u00e0 l&rsquo;ordre ou \u00e0 la s\u00e9curit\u00e9 publique, ou qui, selon son jugement, ne seraient pas appropri\u00e9s pour publication. En tout \u00e9tat de cause, ABRASTEEL, SL ne sera pas responsable des opinions exprim\u00e9es par les utilisateurs via des forums, chats ou autres outils de participation.<\/i><\/li>\n<\/ul>\n<p><b><i>PROPRI\u00c9T\u00c9 INTELLECTUELLE ET INDUSTRIELLE<\/i><\/b><\/p>\n<p><i>ABRASTEEL, SL est titulaire de tous les droits de propri\u00e9t\u00e9 intellectuelle et industrielle de son site web, ainsi que des \u00e9l\u00e9ments contenus dans celui-ci (\u00e0 titre d&rsquo;exemple, images, sons, audio, vid\u00e9os, logiciels ou textes ; marques ou logos, combinaisons de couleurs, structure et design, s\u00e9lection des mat\u00e9riaux utilis\u00e9s, programmes informatiques n\u00e9cessaires \u00e0 son fonctionnement, acc\u00e8s et utilisation, etc.).<\/i><\/p>\n<p><i>Tous droits r\u00e9serv\u00e9s. En vertu des dispositions des articles 8 et 32.1, paragraphe 2, de la Loi sur la Propri\u00e9t\u00e9 Intellectuelle, la reproduction, la distribution et la communication publique, y compris leur mise \u00e0 disposition, de tout ou partie des contenus de ce site web, \u00e0 des fins commerciales, sur tout support et par tout moyen technique, sans l&rsquo;autorisation d&rsquo;ABRASTEEL, SL, sont express\u00e9ment interdites. L&rsquo;UTILISATEUR s&rsquo;engage \u00e0 respecter les droits de Propri\u00e9t\u00e9 Intellectuelle et Industrielle appartenant \u00e0 ABRASTEEL, SL. Il pourra visualiser les \u00e9l\u00e9ments du portail et m\u00eame les imprimer, les copier et les stocker sur le disque dur de son ordinateur ou sur tout autre support physique, \u00e0 condition que ce soit uniquement et exclusivement pour son usage personnel et priv\u00e9. L&rsquo;UTILISATEUR doit s&rsquo;abstenir de supprimer, alt\u00e9rer, contourner ou manipuler tout dispositif de protection ou syst\u00e8me de s\u00e9curit\u00e9 install\u00e9 sur les pages d&rsquo;ABRASTEEL, SL.<\/i><\/p>\n<p><b><i>EXCLUSION DE GARANTIES ET RESPONSABILIT\u00c9<\/i><\/b><\/p>\n<p><i>ABRASTEEL, SL ne sera en aucun cas responsable des dommages et int\u00e9r\u00eats de toute nature pouvant \u00eatre occasionn\u00e9s, \u00e0 titre d&rsquo;exemple : erreurs ou omissions dans les contenus, indisponibilit\u00e9 du portail ou transmission de virus ou programmes malveillants ou nuisibles dans les contenus, bien qu&rsquo;ayant adopt\u00e9 toutes les mesures technologiques n\u00e9cessaires pour l&rsquo;\u00e9viter.<\/i><\/p>\n<p><b><i>MODIFICATIONS<\/i><\/b><\/p>\n<p><i>ABRASTEEL, SL se r\u00e9serve le droit d&rsquo;effectuer sans pr\u00e9avis les modifications qu&rsquo;elle juge appropri\u00e9es sur son portail, pouvant changer, supprimer ou ajouter aussi bien les contenus et services fournis par celui-ci que la mani\u00e8re dont ils sont pr\u00e9sent\u00e9s ou localis\u00e9s sur le portail.<\/i><\/p>\n<p><b><i>LIENS<\/i><\/b><\/p>\n<p><i>Dans le cas o\u00f9 des liens ou hyperliens vers d&rsquo;autres sites Internet seraient disponibles sur le site web, ABRASTEEL, SL n&rsquo;exercera aucun contr\u00f4le sur ces sites et contenus. En aucun cas, ABRASTEEL, SL n&rsquo;assumera de responsabilit\u00e9 pour les contenus d&rsquo;un lien appartenant \u00e0 un site web tiers, ni ne garantira la disponibilit\u00e9 technique, la qualit\u00e9, la fiabilit\u00e9, l&rsquo;exactitude, l&rsquo;amplitude, la v\u00e9racit\u00e9, la validit\u00e9 et la constitutionnalit\u00e9 de tout mat\u00e9riel ou information contenus dans l&rsquo;un de ces hyperliens ou autres sites Internet.<\/i><\/p>\n<p><i>De m\u00eame, l&rsquo;inclusion de ces connexions externes n&rsquo;impliquera aucun type d&rsquo;association, fusion ou participation avec les entit\u00e9s connect\u00e9es.<\/i><\/p>\n<p><b><i>DROIT D&rsquo;EXCLUSION<\/i><\/b><\/p>\n<p><i>ABRASTEEL, SL se r\u00e9serve le droit de refuser ou de retirer l&rsquo;acc\u00e8s au portail et\/ou aux services offerts sans besoin de pr\u00e9avis, \u00e0 sa propre demande ou \u00e0 celle d&rsquo;un tiers, aux utilisateurs qui ne respecteraient pas les pr\u00e9sentes Conditions G\u00e9n\u00e9rales d&rsquo;Utilisation.<\/i><\/p>\n<p><b><i>G\u00c9N\u00c9RALIT\u00c9S<\/i><\/b><\/p>\n<p><i>ABRASTEEL, SL poursuivra toute violation des pr\u00e9sentes conditions, ainsi que toute utilisation abusive de son portail, en exer\u00e7ant toutes les actions civiles et p\u00e9nales qui pourraient lui correspondre en droit.<\/i><\/p>\n<p><b><i>MODIFICATION DES PR\u00c9SENTES CONDITIONS ET DUR\u00c9E<\/i><\/b><\/p>\n<p><i>ABRASTEEL, SL pourra modifier \u00e0 tout moment les conditions ici d\u00e9termin\u00e9es, \u00e9tant d\u00fbment publi\u00e9es comme elles apparaissent ici.<\/i><\/p>\n<p><i>La validit\u00e9 desdites conditions d\u00e9pendra de leur exposition et sera en vigueur jusqu&rsquo;\u00e0 ce qu&rsquo;elles soient modifi\u00e9es par d&rsquo;autres, d\u00fbment publi\u00e9es.<\/i><\/p>\n<p><b><i>L\u00c9GISLATION APPLICABLE ET JURIDICTION<\/i><\/b><\/p>\n<p><i>La relation entre ABRASTEEL, SL et l&rsquo;UTILISATEUR sera r\u00e9gie par la l\u00e9gislation espagnole en vigueur et tout litige sera soumis aux Tribunaux de la ville susmentionn\u00e9e.<\/i><\/p>\n","protected":false},"excerpt":{"rendered":"<p>AVIS L\u00c9GAL En conformit\u00e9 avec la Loi 34\/2002, du 11 juillet, relative aux Services de la Soci\u00e9t\u00e9 de l&rsquo;Information et au Commerce \u00c9lectronique (LSSI-CE), l&rsquo;entreprise informe qu&rsquo;elle est propri\u00e9taire du site web. Conform\u00e9ment \u00e0 l&rsquo;exigence de l&rsquo;article 10 de ladite Loi, elle informe des donn\u00e9es suivantes :\u00a0 Le titulaire de ce site web est :\u00a0<a href=\"https:\/\/www.abrasteel.com\/fr\/avis-legal\/\">Continue reading <span class=\"sr-only\">\u00ab\u00a0Avis l\u00e9gal\u00a0\u00bb<\/span><\/a><\/p>\n","protected":false},"author":1,"featured_media":0,"parent":0,"menu_order":0,"comment_status":"closed","ping_status":"closed","template":"","meta":{"_acf_changed":false,"footnotes":""},"class_list":["post-2165","page","type-page","status-publish","hentry"],"acf":[],"_links":{"self":[{"href":"https:\/\/www.abrasteel.com\/fr\/wp-json\/wp\/v2\/pages\/2165","targetHints":{"allow":["GET"]}}],"collection":[{"href":"https:\/\/www.abrasteel.com\/fr\/wp-json\/wp\/v2\/pages"}],"about":[{"href":"https:\/\/www.abrasteel.com\/fr\/wp-json\/wp\/v2\/types\/page"}],"author":[{"embeddable":true,"href":"https:\/\/www.abrasteel.com\/fr\/wp-json\/wp\/v2\/users\/1"}],"replies":[{"embeddable":true,"href":"https:\/\/www.abrasteel.com\/fr\/wp-json\/wp\/v2\/comments?post=2165"}],"version-history":[{"count":2,"href":"https:\/\/www.abrasteel.com\/fr\/wp-json\/wp\/v2\/pages\/2165\/revisions"}],"predecessor-version":[{"id":2168,"href":"https:\/\/www.abrasteel.com\/fr\/wp-json\/wp\/v2\/pages\/2165\/revisions\/2168"}],"wp:attachment":[{"href":"https:\/\/www.abrasteel.com\/fr\/wp-json\/wp\/v2\/media?parent=2165"}],"curies":[{"name":"wp","href":"https:\/\/api.w.org\/{rel}","templated":true}]}}