{"id":2158,"date":"2025-01-14T07:45:33","date_gmt":"2025-01-14T06:45:33","guid":{"rendered":"https:\/\/dev.b2b.studio\/abrasteel\/?page_id=2158"},"modified":"2025-01-23T11:08:28","modified_gmt":"2025-01-23T10:08:28","slug":"politique-de-confidentialite","status":"publish","type":"page","link":"https:\/\/www.abrasteel.com\/fr\/politique-de-confidentialite\/","title":{"rendered":"Politique de confidentialit\u00e9"},"content":{"rendered":"\r\n<p><b><i>POLITIQUE DE CONFIDENTIALIT\u00c9 DU SITE WEB<\/i><\/b> <i>Nous sommes une entreprise o\u00f9 la transparence de l&rsquo;information est essentielle pour \u00e9tablir une relation de confiance avec les personnes qui font partie de notre projet, ainsi qu&rsquo;avec nos fournisseurs et clients. La protection des donn\u00e9es personnelles des personnes qui nous font confiance est d&rsquo;une importance vitale, c&rsquo;est pourquoi, \u00e0 travers cette Politique de confidentialit\u00e9, nous souhaitons vous informer sur la mani\u00e8re dont nous collectons et traitons ou utilisons ces donn\u00e9es.<\/i> <i>Cette politique de confidentialit\u00e9 \u00e9tablit les bases sur lesquelles l&rsquo;entreprise traite les donn\u00e9es personnelles que nos utilisateurs nous fournissent volontairement via le site web.<\/i> <i>Cette Politique s&rsquo;applique toujours lorsque des donn\u00e9es sont fournies \u00e0 l&rsquo;entreprise, qui sera responsable de ces donn\u00e9es (Responsable du Traitement des Donn\u00e9es), et via l&rsquo;un des formulaires de contact ou d&rsquo;inscription o\u00f9 des donn\u00e9es personnelles (nom, email, etc.) sont collect\u00e9es.<\/i> <b><i>NOTRE ENGAGEMENT<\/i><\/b><\/p>\r\n<ul>\r\n<li aria-level=\"1\"><i>Respecter la vie priv\u00e9e de nos utilisateurs et traiter leurs donn\u00e9es personnelles avec leur consentement.<\/i><\/li>\r\n<\/ul>\r\n<ul>\r\n<li aria-level=\"1\"><i>Traiter les donn\u00e9es personnelles strictement n\u00e9cessaires pour fournir le service demand\u00e9, et les traiter de mani\u00e8re s\u00fbre et confidentielle, en prenant les mesures n\u00e9cessaires pour \u00e9viter tout acc\u00e8s non autoris\u00e9 et usage abusif.<\/i><\/li>\r\n<\/ul>\r\n<ul>\r\n<li aria-level=\"1\"><i>Ne pas utiliser les donn\u00e9es personnelles \u00e0 des fins pour lesquelles nous n&rsquo;avons pas obtenu de consentement pr\u00e9alable.<\/i><\/li>\r\n<\/ul>\r\n<ul>\r\n<li aria-level=\"1\"><i>Ne pas transmettre ni partager les donn\u00e9es personnelles avec des tiers.<\/i><\/li>\r\n<li aria-level=\"1\"><i>Conserver les donn\u00e9es personnelles uniquement pour la dur\u00e9e strictement n\u00e9cessaire \u00e0 la finalit\u00e9 pour laquelle elles ont \u00e9t\u00e9 fournies.<\/i><\/li>\r\n<\/ul>\r\n<p><b><i>QUI EST RESPONSABLE DE VOS DONN\u00c9ES PERSONNELLES<\/i><\/b><\/p>\r\n<table>\r\n<tbody>\r\n<tr>\r\n<td>Nom de l&rsquo;entreprise<\/td>\r\n<td>ABRASTEEL, SL<\/td>\r\n<\/tr>\r\n<tr>\r\n<td>B63242986<\/td>\r\n<td>B63242986<\/td>\r\n<\/tr>\r\n<tr>\r\n<td>Rue<\/td>\r\n<td>C\/ MARCONI, N\u00ba 5. POL. IND. SALE<\/td>\r\n<\/tr>\r\n<tr>\r\n<td>Code postal<\/td>\r\n<td>08253<\/td>\r\n<\/tr>\r\n<tr>\r\n<td>Localit\u00e9<\/td>\r\n<td>S. SALVADOR DE GUARDIOLA<\/td>\r\n<\/tr>\r\n<tr>\r\n<td>Province<\/td>\r\n<td>BARCELONE<\/td>\r\n<\/tr>\r\n<\/tbody>\r\n<\/table>\r\n<p><b><i>QU&rsquo;EST-CE QU&rsquo;UNE DONN\u00c9E PERSONNELLE ET LE TRAITEMENT DES DONN\u00c9ES PERSONNELLES<\/i><\/b> <i>Une donn\u00e9e personnelle est toute information concernant une personne physique identifi\u00e9e ou identifiable. Est consid\u00e9r\u00e9e comme identifiable toute personne dont l&rsquo;identit\u00e9 peut \u00eatre d\u00e9termin\u00e9e directement ou indirectement, notamment par un identifiant, tel qu&rsquo;un nom, un num\u00e9ro d&rsquo;identification, des donn\u00e9es de localisation, un identifiant en ligne ou un ou plusieurs \u00e9l\u00e9ments propres \u00e0 l&rsquo;identit\u00e9 physique, physiologique, g\u00e9n\u00e9tique, psychique, \u00e9conomique, culturelle ou sociale de cette personne.\u00a0<\/i> <i>De m\u00eame, le traitement des donn\u00e9es personnelles implique toute op\u00e9ration ou ensemble d&rsquo;op\u00e9rations effectu\u00e9es sur des donn\u00e9es personnelles ou des ensembles de donn\u00e9es personnelles, qu&rsquo;elles soient automatis\u00e9es ou non, telles que la collecte, l&rsquo;enregistrement, l&rsquo;organisation, la structuration, la conservation, l&rsquo;adaptation ou la modification, l&rsquo;extraction, la consultation, l&rsquo;utilisation, la communication par transmission, la diffusion ou toute autre forme de mise \u00e0 disposition, le rapprochement ou l&rsquo;interconnexion, la limitation, l&rsquo;effacement ou la destruction.<\/i> <b><i>QUELS TRAITEMENTS EFFECTUONS-NOUS SUR VOS DONN\u00c9ES PERSONNELLES ET \u00c0 QUELLES FINS<\/i><\/b><\/p>\r\n<ul>\r\n<li aria-level=\"1\"><b><i>Demande d&rsquo;information par l&rsquo;utilisateur<\/i><\/b><\/li>\r\n<\/ul>\r\n<p><i>G\u00e9rer la demande d&rsquo;information envoy\u00e9e par l&rsquo;utilisateur via le formulaire de contact et\/ou l&rsquo;adresse e-mail, adresse postale et\/ou num\u00e9ro de t\u00e9l\u00e9phone fournis sur le site web.\u00a0<\/i><\/p>\r\n<ul>\r\n<li aria-level=\"1\"><b><i>Abonnement \u00e0 la newsletter<\/i><\/b><\/li>\r\n<\/ul>\r\n<p><i>G\u00e9rer l&rsquo;abonnement \u00e0 l&rsquo;envoi de newsletters\u00a0<\/i><\/p>\r\n<ul>\r\n<li aria-level=\"1\"><b><i>Travailler avec nous via l&rsquo;envoi de CV<\/i><\/b><\/li>\r\n<\/ul>\r\n<p><i>Gestion des CV re\u00e7us via le formulaire disponible sur le site web.<\/i><\/p>\r\n<ul>\r\n<li aria-level=\"1\"><b><i>Cr\u00e9ation et acc\u00e8s au profil utilisateur<\/i><\/b><\/li>\r\n<\/ul>\r\n<p><i>Gestion de la cr\u00e9ation et de l&rsquo;acc\u00e8s au portail utilisateur via le compte utilisateur et le mot de passe correspondants.<\/i><\/p>\r\n<ul>\r\n<li aria-level=\"1\"><b><i>Gestion des commentaires sur le blog.<\/i><\/b><\/li>\r\n<\/ul>\r\n<p><i>G\u00e9rer l&rsquo;envoi et la r\u00e9ception des commentaires laiss\u00e9s par l&rsquo;utilisateur sur le blog.<\/i> <b><i>QUELLES DONN\u00c9ES PERSONNELLES RECUEILLONS-NOUS<\/i><\/b> <i>Sur notre site web, nous pouvons collecter des donn\u00e9es personnelles \u00e0 diff\u00e9rentes fins :<\/i><\/p>\r\n<ul>\r\n<li aria-level=\"1\"><b><i>Demande d&rsquo;information par l&rsquo;utilisateur<\/i><\/b><\/li>\r\n<\/ul>\r\n<p><i>Nous collectons les donn\u00e9es personnelles que vous nous avez fournies dans le cadre de la question pos\u00e9e.<\/i><\/p>\r\n<ul>\r\n<li aria-level=\"1\"><b><i>Abonnement \u00e0 la newsletter<\/i><\/b><\/li>\r\n<\/ul>\r\n<p><i>Nous collectons votre adresse e-mail.\u00a0<\/i><\/p>\r\n<ul>\r\n<li aria-level=\"1\"><b><i>Travailler avec nous via l&rsquo;envoi de CV\u00a0<\/i><\/b><\/li>\r\n<\/ul>\r\n<p><i>Nous collectons les informations contenues dans le CV que vous nous avez envoy\u00e9.\u00a0<\/i><\/p>\r\n<ul>\r\n<li aria-level=\"1\"><b><i>Cr\u00e9ation et acc\u00e8s au profil utilisateur<\/i><\/b><\/li>\r\n<\/ul>\r\n<p><i>Nom d&rsquo;utilisateur et mot de passe, ainsi que toutes autres donn\u00e9es fournies pour cr\u00e9er le compte ou profil.\u00a0<\/i><\/p>\r\n<ul>\r\n<li aria-level=\"1\"><b><i>Gestion des commentaires sur le blog.<\/i><\/b><\/li>\r\n<\/ul>\r\n<p><i>Toutes donn\u00e9es fournies lors de la publication du commentaire correspondant.\u00a0<\/i> <i>Selon la finalit\u00e9 pour laquelle les donn\u00e9es sont fournies, seules les donn\u00e9es strictement n\u00e9cessaires seront requises. Il est important que l&rsquo;utilisateur soit conscient des donn\u00e9es qu&rsquo;il fournit et de la finalit\u00e9 de leur utilisation, car au moment de leur fourniture, il accepte que nous collections, stockions et utilisions ces donn\u00e9es pour la finalit\u00e9 requise, tout en pouvant retirer \u00e0 tout moment le consentement donn\u00e9 par les moyens appropri\u00e9s, le consentement de l&rsquo;int\u00e9ress\u00e9 \u00e9tant la base l\u00e9gale et la l\u00e9gitimation pour le traitement de ses donn\u00e9es personnelles.<\/i> <b><i>QUELLE EST LA BASE L\u00c9GALE POUR LE TRAITEMENT DES DONN\u00c9ES PERSONNELLES<\/i><\/b> <i>Conform\u00e9ment \u00e0 la l\u00e9gislation en vigueur sur la protection des donn\u00e9es, nous avons besoin d&rsquo;une base l\u00e9gale pour traiter vos donn\u00e9es personnelles. Cette base l\u00e9gale est votre consentement.\u00a0<\/i> <b><i>QUELS SONT VOS DROITS SUR LES DONN\u00c9ES PERSONNELLES FOURNIES<\/i><\/b> <i>En tant qu&rsquo;utilisateur, vous pouvez exercer les droits suivants :\u00a0<\/i><\/p>\r\n<ul>\r\n<li aria-level=\"1\"><i>Droit d&rsquo;acc\u00e8s<\/i><i> : Vous avez le droit d&rsquo;obtenir de l&rsquo;entreprise la confirmation que vos donn\u00e9es personnelles sont ou non trait\u00e9es, et le cas \u00e9ch\u00e9ant, de savoir quelles donn\u00e9es sont trait\u00e9es.<\/i><\/li>\r\n<\/ul>\r\n<ul>\r\n<li aria-level=\"1\"><i>Droit de rectification<\/i><i> : Vous avez le droit d&rsquo;obtenir de ABRASTEEL, SL la rectification des donn\u00e9es personnelles inexactes vous concernant. Dans la demande de rectification, vous devez indiquer les donn\u00e9es que vous souhaitez modifier.<\/i><\/li>\r\n<\/ul>\r\n<ul>\r\n<li aria-level=\"1\"><i>Droit d&rsquo;opposition<\/i><i> : Vous avez le droit de vous opposer \u00e0 tout moment, pour des raisons li\u00e9es \u00e0 votre situation particuli\u00e8re, au traitement des donn\u00e9es personnelles vous concernant bas\u00e9 sur l&rsquo;int\u00e9r\u00eat l\u00e9gitime de l&rsquo;entreprise. Dans ce cas, l&rsquo;entreprise cessera de traiter les donn\u00e9es personnelles, sauf si nous prouvons des raisons l\u00e9gitimes imp\u00e9rieuses pour le traitement qui pr\u00e9valent sur vos int\u00e9r\u00eats, droits et libert\u00e9s, ou pour la formulation, l&rsquo;exercice ou la d\u00e9fense de r\u00e9clamations.<\/i><\/li>\r\n<\/ul>\r\n<ul>\r\n<li aria-level=\"1\"><i>Droit \u00e0 l&rsquo;effacement<\/i><i> : Vous avez le droit d&rsquo;obtenir de ABRASTEEL, SL l&rsquo;effacement des donn\u00e9es personnelles vous concernant.<\/i><\/li>\r\n<\/ul>\r\n<ul>\r\n<li aria-level=\"1\"><i>Droit \u00e0 la portabilit\u00e9 des donn\u00e9es<\/i><i> : Vous avez le droit de demander que l&rsquo;entreprise transf\u00e8re vos donn\u00e9es personnelles \u00e0 un autre responsable du traitement. Ce droit ne peut \u00eatre exerc\u00e9 que lorsque le traitement est bas\u00e9 sur l&rsquo;ex\u00e9cution d&rsquo;un contrat ou sur votre consentement, et que le traitement est effectu\u00e9 par des moyens automatis\u00e9s.<\/i><\/li>\r\n<li aria-level=\"1\"><i>Droit \u00e0 la limitation du traitement<\/i><i> : Vous avez le droit de demander que nous suspendions le traitement de vos donn\u00e9es lorsque : vous contestez l&rsquo;exactitude des donn\u00e9es, pendant que ABRASTEEL, SL v\u00e9rifie cette exactitude ; vous avez exerc\u00e9 le droit d&rsquo;opposition au traitement de vos donn\u00e9es, pendant que nous v\u00e9rifions si les raisons l\u00e9gitimes de ABRASTEEL, SL pr\u00e9valent sur les v\u00f4tres en tant qu&rsquo;int\u00e9ress\u00e9.<\/i><\/li>\r\n<\/ul>\r\n<p><i>\u00c0 tout moment, vous pouvez exercer ces droits, par \u00e9crit et en justifiant votre identit\u00e9, adress\u00e9 au responsable du traitement \u00e0 l&rsquo;adresse indiqu\u00e9e ci-dessus, ou via l&rsquo;adresse e-mail : INFO@ABRASTEEL.COM.<\/i> <i>De plus, vous pouvez d\u00e9poser une r\u00e9clamation aupr\u00e8s de l&rsquo;autorit\u00e9 de contr\u00f4le, dans ce cas, la Commission Nationale de l&rsquo;Informatique et des Libert\u00e9s (CNIL), si vous estimez que le traitement des donn\u00e9es personnelles enfreint la l\u00e9gislation applicable.<\/i> <b><i>S\u00c9CURIT\u00c9 ET STOCKAGE DES DONN\u00c9ES<\/i><\/b> <i>Nous conserverons les donn\u00e9es uniquement pour la dur\u00e9e strictement n\u00e9cessaire \u00e0 la prestation du service demand\u00e9 et tant que le titulaire ne demande pas leur suppression, en adoptant les mesures techniques et organisationnelles appropri\u00e9es contre le traitement non autoris\u00e9 ou illicite, ainsi que contre leur perte, destruction ou dommage accidentel, en faisant tout notre possible pour les prot\u00e9ger et les conserver en toute s\u00e9curit\u00e9.<\/i> <b><i>QUELLES DONN\u00c9ES PERSONNELLES PARTAGEONS-NOUS AVEC DES TIERS<\/i><\/b> <i>Aucune transmission de donn\u00e9es n&rsquo;est pr\u00e9vue, sauf dans les cas o\u00f9 il existe une obligation l\u00e9gale ou une communication n\u00e9cessaire pour vous fournir correctement le service demand\u00e9. Aucune transmission internationale de donn\u00e9es n&rsquo;est pr\u00e9vue.<\/i><\/p>","protected":false},"excerpt":{"rendered":"<p>POLITIQUE DE CONFIDENTIALIT\u00c9 DU SITE WEB Nous sommes une entreprise o\u00f9 la transparence de l&rsquo;information est essentielle pour \u00e9tablir une relation de confiance avec les personnes qui font partie de notre projet, ainsi qu&rsquo;avec nos fournisseurs et clients. La protection des donn\u00e9es personnelles des personnes qui nous font confiance est d&rsquo;une importance vitale, c&rsquo;est pourquoi,<a href=\"https:\/\/www.abrasteel.com\/fr\/politique-de-confidentialite\/\">Continue reading <span class=\"sr-only\">\u00ab\u00a0Politique de confidentialit\u00e9\u00a0\u00bb<\/span><\/a><\/p>\n","protected":false},"author":1,"featured_media":0,"parent":0,"menu_order":0,"comment_status":"closed","ping_status":"closed","template":"","meta":{"_acf_changed":false,"footnotes":""},"class_list":["post-2158","page","type-page","status-publish","hentry"],"acf":[],"_links":{"self":[{"href":"https:\/\/www.abrasteel.com\/fr\/wp-json\/wp\/v2\/pages\/2158","targetHints":{"allow":["GET"]}}],"collection":[{"href":"https:\/\/www.abrasteel.com\/fr\/wp-json\/wp\/v2\/pages"}],"about":[{"href":"https:\/\/www.abrasteel.com\/fr\/wp-json\/wp\/v2\/types\/page"}],"author":[{"embeddable":true,"href":"https:\/\/www.abrasteel.com\/fr\/wp-json\/wp\/v2\/users\/1"}],"replies":[{"embeddable":true,"href":"https:\/\/www.abrasteel.com\/fr\/wp-json\/wp\/v2\/comments?post=2158"}],"version-history":[{"count":3,"href":"https:\/\/www.abrasteel.com\/fr\/wp-json\/wp\/v2\/pages\/2158\/revisions"}],"predecessor-version":[{"id":2180,"href":"https:\/\/www.abrasteel.com\/fr\/wp-json\/wp\/v2\/pages\/2158\/revisions\/2180"}],"wp:attachment":[{"href":"https:\/\/www.abrasteel.com\/fr\/wp-json\/wp\/v2\/media?parent=2158"}],"curies":[{"name":"wp","href":"https:\/\/api.w.org\/{rel}","templated":true}]}}