{"id":2150,"date":"2025-01-15T09:16:18","date_gmt":"2025-01-15T08:16:18","guid":{"rendered":"https:\/\/dev.b2b.studio\/abrasteel\/?page_id=2150"},"modified":"2025-01-23T11:27:41","modified_gmt":"2025-01-23T10:27:41","slug":"politique-de-cookies","status":"publish","type":"page","link":"https:\/\/www.abrasteel.com\/fr\/politique-de-cookies\/","title":{"rendered":"Politique de cookies"},"content":{"rendered":"<p><b><i>QU&rsquo;EST-CE QU&rsquo;UN COOKIE ?<\/i><\/b><\/p>\n<p><i><span style=\"font-weight: 400;\">Ce site web utilise des cookies et\/ou des technologies similaires qui stockent et r\u00e9cup\u00e8rent des informations lorsque vous naviguez. En g\u00e9n\u00e9ral, ces technologies peuvent avoir des finalit\u00e9s tr\u00e8s diverses, comme par exemple vous reconna\u00eetre en tant qu&rsquo;utilisateur, obtenir des informations sur vos habitudes de navigation ou personnaliser la mani\u00e8re dont le contenu est affich\u00e9. Les utilisations sp\u00e9cifiques que nous faisons de ces technologies sont d\u00e9crites ci-dessous.<\/span><\/i><\/p>\n<p><b><i>QUI UTILISE LES INFORMATIONS DES COOKIES ?<\/i><\/b><\/p>\n<table>\n<tbody>\n<tr>\n<td><span style=\"font-weight: 400;\">Nom de l&rsquo;entreprise<\/span><\/td>\n<td><span style=\"font-weight: 400;\">ABRASTEEL, SL<\/span><\/td>\n<\/tr>\n<tr>\n<td><span style=\"font-weight: 400;\">B63242986<\/span><\/td>\n<td><span style=\"font-weight: 400;\">B63242986<\/span><\/td>\n<\/tr>\n<tr>\n<td><span style=\"font-weight: 400;\">Adresse<\/span><\/td>\n<td><span style=\"font-weight: 400;\">C\/ MARCONI, N\u00ba 5. POL. IND. SALE<\/span><\/td>\n<\/tr>\n<tr>\n<td><span style=\"font-weight: 400;\">Code postal<\/span><\/td>\n<td><span style=\"font-weight: 400;\">08253<\/span><\/td>\n<\/tr>\n<tr>\n<td><span style=\"font-weight: 400;\">Localit\u00e9<\/span><\/td>\n<td><span style=\"font-weight: 400;\">S. SALVADOR DE GUARDIOLA<\/span><\/td>\n<\/tr>\n<tr>\n<td><span style=\"font-weight: 400;\">Province<\/span><\/td>\n<td><span style=\"font-weight: 400;\">BARCELONE<\/span><\/td>\n<\/tr>\n<\/tbody>\n<\/table>\n<p><b><i>QUELS TYPES DE COOKIES EXISTENT ?<\/i><\/b><\/p>\n<p><i><span style=\"font-weight: 400;\">Les cookies peuvent \u00eatre class\u00e9s, en fonction de leurs caract\u00e9ristiques, dans diff\u00e9rentes cat\u00e9gories.<\/span><\/i><\/p>\n<p style=\"padding-left: 40px;\">1. Selon l&rsquo;entit\u00e9 qui les g\u00e8re :<\/p>\n<ul>\n<li style=\"list-style-type: none;\">\n<ul style=\"list-style-type: disc;\">\n<li>Cookies propres : Ce sont ceux qui sont envoy\u00e9s \u00e0 votre ordinateur et sont exclusivement g\u00e9r\u00e9s par nous pour le bon fonctionnement du site web.<\/li>\n<li>Cookies tiers : Ce sont ceux qui sont envoy\u00e9s \u00e0 votre ordinateur mais ne sont pas g\u00e9r\u00e9s par nous, mais par une entit\u00e9 tierce.<\/li>\n<\/ul>\n<\/li>\n<\/ul>\n<p style=\"padding-left: 40px;\">2. Selon la dur\u00e9e d&rsquo;activation :<\/p>\n<ul>\n<li style=\"list-style-type: none;\">\n<ul style=\"list-style-type: disc;\">\n<li>Cookies de session : Ce type de cookies collecte et stocke des donn\u00e9es uniquement pendant que l&rsquo;utilisateur acc\u00e8de au site web.<\/li>\n<li>Cookies persistants : Avec ce type de cookies, les donn\u00e9es restent stock\u00e9es et peuvent \u00eatre accessibles et trait\u00e9es pendant la p\u00e9riode d\u00e9finie par le responsable du cookie, allant de quelques minutes \u00e0 plusieurs ann\u00e9es.<\/li>\n<\/ul>\n<\/li>\n<\/ul>\n<p style=\"padding-left: 40px;\">3. Selon la finalit\u00e9 :<\/p>\n<ul>\n<li style=\"list-style-type: none;\">\n<ul style=\"list-style-type: disc;\">\n<li>Cookies techniques : Ce sont ceux qui permettent \u00e0 l&rsquo;utilisateur de naviguer sur le site web, la plateforme ou l&rsquo;application et d&rsquo;utiliser les diff\u00e9rentes options ou services qu&rsquo;il propose, comme par exemple contr\u00f4ler le trafic et la communication de donn\u00e9es, identifier la session, acc\u00e9der \u00e0 des parties restreintes, m\u00e9moriser les \u00e9l\u00e9ments d&rsquo;une commande, r\u00e9aliser le processus d&rsquo;achat d&rsquo;une commande, soumettre une demande d&rsquo;inscription ou de participation \u00e0 un \u00e9v\u00e9nement, utiliser des \u00e9l\u00e9ments de s\u00e9curit\u00e9 pendant la navigation, stocker des contenus pour la diffusion de vid\u00e9os ou de sons ou partager des contenus via les r\u00e9seaux sociaux.<\/li>\n<li>Cookies de personnalisation : Ce sont ceux qui permettent \u00e0 l&rsquo;utilisateur d&rsquo;acc\u00e9der au service avec certaines caract\u00e9ristiques g\u00e9n\u00e9rales pr\u00e9d\u00e9finies, comme la langue, la configuration r\u00e9gionale \u00e0 partir de laquelle il acc\u00e8de au service, etc.<\/li>\n<li>Cookies d&rsquo;analyse : Ce sont ceux qui permettent au responsable de ces cookies de suivre et d&rsquo;analyser le comportement des utilisateurs des sites web auxquels ils sont li\u00e9s. Les informations collect\u00e9es gr\u00e2ce \u00e0 ce type de cookies sont utilis\u00e9es pour mesurer l&rsquo;activit\u00e9 des sites web, applications ou plateformes et pour \u00e9tablir des profils de navigation des utilisateurs de ces sites, applications et plateformes, afin d&rsquo;apporter des am\u00e9liorations en fonction de l&rsquo;analyse des donn\u00e9es d&rsquo;utilisation des utilisateurs du service.<\/li>\n<li>Cookies publicitaires : Ce sont ceux qui permettent de g\u00e9rer, de la mani\u00e8re la plus efficace possible, les espaces publicitaires qui, le cas \u00e9ch\u00e9ant, sont inclus sur le site web, l&rsquo;application ou la plateforme \u00e0 partir de laquelle le service demand\u00e9 est fourni, en fonction de crit\u00e8res tels que le contenu \u00e9dit\u00e9 ou la fr\u00e9quence d&rsquo;affichage des annonces.<\/li>\n<li>Cookies de publicit\u00e9 comportementale : Ce sont ceux qui permettent de g\u00e9rer, de la mani\u00e8re la plus efficace possible, les espaces publicitaires que l&rsquo;\u00e9diteur a \u00e9ventuellement inclus sur son site web, application ou plateforme \u00e0 partir de laquelle le service demand\u00e9 est fourni. Ces cookies stockent des informations sur le comportement des utilisateurs obtenues par l&rsquo;observation continue de leurs habitudes de navigation, ce qui permet de d\u00e9velopper un profil sp\u00e9cifique pour afficher des publicit\u00e9s en fonction de celui-ci.<\/li>\n<\/ul>\n<\/li>\n<\/ul>\n","protected":false},"excerpt":{"rendered":"<p>QU&rsquo;EST-CE QU&rsquo;UN COOKIE ? Ce site web utilise des cookies et\/ou des technologies similaires qui stockent et r\u00e9cup\u00e8rent des informations lorsque vous naviguez. En g\u00e9n\u00e9ral, ces technologies peuvent avoir des finalit\u00e9s tr\u00e8s diverses, comme par exemple vous reconna\u00eetre en tant qu&rsquo;utilisateur, obtenir des informations sur vos habitudes de navigation ou personnaliser la mani\u00e8re dont le<a href=\"https:\/\/www.abrasteel.com\/fr\/politique-de-cookies\/\">Continue reading <span class=\"sr-only\">\u00ab\u00a0Politique de cookies\u00a0\u00bb<\/span><\/a><\/p>\n","protected":false},"author":1,"featured_media":0,"parent":0,"menu_order":0,"comment_status":"closed","ping_status":"closed","template":"","meta":{"_acf_changed":false,"footnotes":""},"class_list":["post-2150","page","type-page","status-publish","hentry"],"acf":[],"_links":{"self":[{"href":"https:\/\/www.abrasteel.com\/fr\/wp-json\/wp\/v2\/pages\/2150","targetHints":{"allow":["GET"]}}],"collection":[{"href":"https:\/\/www.abrasteel.com\/fr\/wp-json\/wp\/v2\/pages"}],"about":[{"href":"https:\/\/www.abrasteel.com\/fr\/wp-json\/wp\/v2\/types\/page"}],"author":[{"embeddable":true,"href":"https:\/\/www.abrasteel.com\/fr\/wp-json\/wp\/v2\/users\/1"}],"replies":[{"embeddable":true,"href":"https:\/\/www.abrasteel.com\/fr\/wp-json\/wp\/v2\/comments?post=2150"}],"version-history":[{"count":3,"href":"https:\/\/www.abrasteel.com\/fr\/wp-json\/wp\/v2\/pages\/2150\/revisions"}],"predecessor-version":[{"id":2199,"href":"https:\/\/www.abrasteel.com\/fr\/wp-json\/wp\/v2\/pages\/2150\/revisions\/2199"}],"wp:attachment":[{"href":"https:\/\/www.abrasteel.com\/fr\/wp-json\/wp\/v2\/media?parent=2150"}],"curies":[{"name":"wp","href":"https:\/\/api.w.org\/{rel}","templated":true}]}}